{"id":348,"date":"2024-07-25T11:14:01","date_gmt":"2024-07-25T09:14:01","guid":{"rendered":"https:\/\/unchienalecole.fr\/?page_id=348"},"modified":"2025-09-08T19:02:06","modified_gmt":"2025-09-08T17:02:06","slug":"mentions-legales","status":"publish","type":"page","link":"https:\/\/unchienalecole.fr\/mentions-legales\/","title":{"rendered":"Mentions l\u00e9gales"},"content":{"rendered":"\n<h2 class=\"wp-block-heading\">Qui sommes-nous ?<\/h2>\n\n\n\n<p>Le site Internet est la propri\u00e9t\u00e9 du <a href=\"https:\/\/groupe-ifz.com\" target=\"_blank\" rel=\"noreferrer noopener nofollow\">Groupe IFZ<\/a>.<\/p>\n\n\n\n<p><strong>Si\u00e8ge social :<\/strong> 1285, route du Mont 38620 \u2013 Velanne<br><strong>T\u00e9l\u00e9phone : <\/strong>04 76 93 38 80<br><strong>Pr\u00e9sident : <\/strong>Fran\u00e7ois Beiger<\/p>\n\n\n\n<p><strong>H\u00e9bergement :<\/strong> <a href=\"https:\/\/www.o2switch.fr\/\" data-type=\"link\" data-id=\"https:\/\/www.o2switch.fr\/\" target=\"_blank\" rel=\"noreferrer noopener nofollow\">o2switch<\/a>, Chemin des Pardiaux, 63000 Clermont-Ferrand, France<\/p>\n\n\n\n<p><strong>Conception graphique : <\/strong><a href=\"https:\/\/www.facebook.com\/fannyb.graphik\/\" target=\"_blank\" rel=\"noreferrer noopener nofollow\">Bio\u2019Graphik<\/a><\/p>\n\n\n\n<p><strong>Int\u00e9gration et d\u00e9veloppement :<\/strong> <a href=\"https:\/\/romain-lumineau.fr\" target=\"_blank\" rel=\"noreferrer noopener nofollow\">Romain Lumineau<\/a><\/p>\n\n\n\n<p>Les images et les textes diffus\u00e9s sur ce site Internet sont la propri\u00e9t\u00e9 exclusive de IFZ et ne peuvent en aucun cas \u00eatre diffus\u00e9s, enregistr\u00e9s, r\u00e9utilis\u00e9s, modifi\u00e9s et plus g\u00e9n\u00e9ralement utilis\u00e9s \u00e0 d\u2019autres fins ou d\u2019une autre mani\u00e8re, sans l\u2019autorisation \u00e9crite de l\u2019auteur du site.<\/p>\n\n\n\n<h2 class=\"wp-block-heading\">Contenu embarqu\u00e9 depuis d&rsquo;autres sites<\/h2>\n\n\n\n<p>Les articles de ce site peuvent inclure des contenus int\u00e9gr\u00e9s (par exemple des vid\u00e9os, images, articles\u2026). Le contenu int\u00e9gr\u00e9 depuis d\u2019autres sites se comporte de la m\u00eame mani\u00e8re que si le visiteur se rendait sur cet autre site.<\/p>\n\n\n\n<p>Ces sites web pourraient collecter des donn\u00e9es sur vous, utiliser des cookies, embarquer des outils de suivis tiers, suivre vos interactions avec ces contenus embarqu\u00e9s si vous disposez d\u2019un compte connect\u00e9 sur leur site web.<\/p>\n\n\n\n<h2 class=\"wp-block-heading\">Utilisation et transmission de vos donn\u00e9es personnelles<\/h2>\n\n\n\n<p>Si vous utilisez notre formulaire de contact, seuls vos nom, pr\u00e9nom et adresse e-mail seront transit\u00e9s par mail afin que nous puissions vous r\u00e9pondre. Les informations ne sont en aucun cas sauvegard\u00e9es dans la base de donn\u00e9es.<\/p>\n","protected":false},"excerpt":{"rendered":"<p>Qui sommes-nous ? Le site Internet est la propri\u00e9t\u00e9 du Groupe IFZ. Si\u00e8ge social : 1285, route du Mont 38620 \u2013 VelanneT\u00e9l\u00e9phone : 04 76 93 38 80Pr\u00e9sident : Fran\u00e7ois Beiger H\u00e9bergement : o2switch, Chemin des Pardiaux, 63000 Clermont-Ferrand, France Conception graphique : Bio\u2019Graphik Int\u00e9gration et d\u00e9veloppement : Romain Lumineau Les images et les textes [&hellip;]<\/p>\n","protected":false},"author":1,"featured_media":0,"parent":0,"menu_order":0,"comment_status":"closed","ping_status":"closed","template":"","meta":{"_seopress_robots_primary_cat":"","_seopress_titles_title":"","_seopress_titles_desc":"","_seopress_robots_index":"yes","footnotes":""},"class_list":["post-348","page","type-page","status-publish","hentry"],"_links":{"self":[{"href":"https:\/\/unchienalecole.fr\/wp-json_4GszfX74U3gy2T\/wp\/v2\/pages\/348","targetHints":{"allow":["GET"]}}],"collection":[{"href":"https:\/\/unchienalecole.fr\/wp-json_4GszfX74U3gy2T\/wp\/v2\/pages"}],"about":[{"href":"https:\/\/unchienalecole.fr\/wp-json_4GszfX74U3gy2T\/wp\/v2\/types\/page"}],"author":[{"embeddable":true,"href":"https:\/\/unchienalecole.fr\/wp-json_4GszfX74U3gy2T\/wp\/v2\/users\/1"}],"replies":[{"embeddable":true,"href":"https:\/\/unchienalecole.fr\/wp-json_4GszfX74U3gy2T\/wp\/v2\/comments?post=348"}],"version-history":[{"count":2,"href":"https:\/\/unchienalecole.fr\/wp-json_4GszfX74U3gy2T\/wp\/v2\/pages\/348\/revisions"}],"predecessor-version":[{"id":499,"href":"https:\/\/unchienalecole.fr\/wp-json_4GszfX74U3gy2T\/wp\/v2\/pages\/348\/revisions\/499"}],"wp:attachment":[{"href":"https:\/\/unchienalecole.fr\/wp-json_4GszfX74U3gy2T\/wp\/v2\/media?parent=348"}],"curies":[{"name":"wp","href":"https:\/\/api.w.org\/{rel}","templated":true}]}}