{"id":342,"date":"2024-07-25T11:10:42","date_gmt":"2024-07-25T09:10:42","guid":{"rendered":"https:\/\/unchienalecole.fr\/?page_id=342"},"modified":"2024-11-06T17:07:03","modified_gmt":"2024-11-06T16:07:03","slug":"zoopedagogie-apprendre-par-lanimal","status":"publish","type":"page","link":"https:\/\/unchienalecole.fr\/","title":{"rendered":"La zoop\u00e9dagogie"},"content":{"rendered":"\n<div class=\"wp-block-columns is-layout-flex wp-container-core-columns-is-layout-305677ab wp-block-columns-is-layout-flex\">\n<div class=\"wp-block-column theme__home_col1 is-layout-flow wp-block-column-is-layout-flow\" style=\"flex-basis:45%\">\n<div class=\"wp-block-group is-horizontal is-content-justification-center is-layout-flex wp-container-core-group-is-layout-56021f5f wp-block-group-is-layout-flex\">\n<figure class=\"wp-block-image theme__home_picture\"><img loading=\"lazy\" decoding=\"async\" width=\"708\" height=\"599\" src=\"https:\/\/unchienalecole.fr\/wp-content\/uploads\/668bdf3a278cf.webp\" alt=\"\" class=\"wp-image-88\" srcset=\"https:\/\/unchienalecole.fr\/wp-content\/uploads\/668bdf3a278cf.webp 708w, https:\/\/unchienalecole.fr\/wp-content\/uploads\/668bdf3a278cf-300x254.webp 300w\" sizes=\"auto, (max-width: 708px) 100vw, 708px\" \/><\/figure>\n\n\n\n<p class=\"theme__home_training has-custom-grayish-red-color has-text-color has-link-color has-heavyweight-font-family wp-elements-6942af981de023ecc3e4cc57f00c39e0\" style=\"font-size:3rem\"><a href=\"https:\/\/www.institutfrancaisdezootherapie.com\/un-chien-a-lecole-87\" data-type=\"link\" data-id=\"https:\/\/institutfrancaisdezootherapie.com\/formations\" target=\"_blank\" rel=\"noreferrer noopener\">Formations<\/a><\/p>\n<\/div>\n<\/div>\n\n\n\n<div class=\"wp-block-column theme__home_col2 is-layout-flow wp-block-column-is-layout-flow\" style=\"flex-basis:55%\"><h1 class=\"wp-block-post-title wp-container-content-69bc4bdf\">La zoop\u00e9dagogie<\/h1>\n\n\n<p>Dans le cas de classes en cheminement particulier, nous retrouvons des enfants qui sont atteints de troubles de l\u2019apprentissage, de troubles du comportement, des enfants \u00ab Dys \u00bb dyslexique, dysphasique, dyspraxique, des enfants harcel\u00e9s\u2026 Nous rencontrons \u00e9galement des enfants trisomiques, hyperactifs qui ont du retard dans la m\u00e9morisation.<br>Sans oublier tous les enfants cas sociaux qui sont plac\u00e9s dans des MECS. \u00ab Maison d\u2019Enfants \u00e0 Caract\u00e8re Social, en famille d\u2019accueil, en centre \u00e9ducatif renforc\u00e9\u2026 \u00bb.<\/p>\n\n\n\n<p>Et pourtant c\u2019est possible. Les axes \u00e0 mettre en place avec ces jeunes en grande difficult\u00e9 scolaire seraient :<br>\u00c0 l\u2019aide d\u2019activit\u00e9s structur\u00e9es, anim\u00e9es par un enseignant sp\u00e9cialis\u00e9 en zoop\u00e9dagogie qualifi\u00e9, accompagn\u00e9 de son animal soigneusement s\u00e9lectionn\u00e9 et \u00e9duqu\u00e9, il est possible d\u2019induire des comportements socialement admis par l\u2019enfant. L\u2019animal devient le m\u00e9diateur pour l&rsquo;\u00e9veil de l\u2019enfant, pour am\u00e9liorer ses comportements sociaux.<\/p>\n\n\n\n<h2 class=\"wp-block-heading\">La relation enfant \u00e9cole accompagn\u00e9 par la zoop\u00e9dagogie<\/h2>\n\n\n\n<p>Le programme de zoop\u00e9dagogie \u00e9ducative est un projet p\u00e9dagogique in\u00e9dit qui permet aux enfants d\u2019\u00eatre actifs dans leur \u00e9ducation. L\u2019animal constitue un tr\u00e8s bon m\u00e9diateur pour renvoyer \u00e0 l\u2019enfant une image positive de lui-m\u00eame et d\u00e9clencher la motivation \u00e0 des activit\u00e9s p\u00e9dagogiques, comme la lecture, l\u2019\u00e9criture, la r\u00e9flexion. L\u2019animal poss\u00e8de de nombreuses qualit\u00e9s qui en font un instrument dynamique pour intervenir aupr\u00e8s des jeunes. Il a la capacit\u00e9 de stimuler, de motiver, de r\u00e9conforter et de distraire. La zoop\u00e9dagogie \u00e9ducative peut donc rapprocher les jeunes de l\u2019\u00e9cole et par le fait m\u00eame, contribuer \u00e0 avoir des effets positifs sur la motivation scolaire, l\u2019absent\u00e9isme, l\u2019\u00e9chec scolaire, l\u2019indiscipline, la violence.<\/p>\n\n\n\n<h2 class=\"wp-block-heading\">Objectif : En m\u00e9diation avec le chien<\/h2>\n\n\n\n<p>\u2022 Am\u00e9liorer chez l\u2019enfant sa connaissance du langage et sa tenue.<br>\u2022 Favoriser des rencontres positives entre l\u2019enfant et les animaux.<br>\u2022 Sensibiliser \u00e0 la responsabilisation envers les animaux ce qui va le conduire \u00e0 comprendre pourquoi l\u2019on doit respecter l\u2019\u00eatre humain.<\/p>\n\n\n\n<p>A suivre\u2026<\/p>\n\n\n\n<p>\u00ab\u00a0Un chien \u00e0 l&rsquo;\u00e9cole\u00a0\u00bb \u00a9 Tous droits r\u00e9serv\u00e9s \/ All rights reserved<\/p>\n<\/div>\n<\/div>\n","protected":false},"excerpt":{"rendered":"<p>Formations Dans le cas de classes en cheminement particulier, nous retrouvons des enfants qui sont atteints de troubles de l\u2019apprentissage, de troubles du comportement, des enfants \u00ab Dys \u00bb dyslexique, dysphasique, dyspraxique, des enfants harcel\u00e9s\u2026 Nous rencontrons \u00e9galement des enfants trisomiques, hyperactifs qui ont du retard dans la m\u00e9morisation.Sans oublier tous les enfants cas sociaux [&hellip;]<\/p>\n","protected":false},"author":3,"featured_media":0,"parent":0,"menu_order":0,"comment_status":"closed","ping_status":"closed","template":"","meta":{"_seopress_robots_primary_cat":"","_seopress_titles_title":"","_seopress_titles_desc":"","_seopress_robots_index":"","footnotes":""},"class_list":["post-342","page","type-page","status-publish","hentry"],"_links":{"self":[{"href":"https:\/\/unchienalecole.fr\/wp-json_4GszfX74U3gy2T\/wp\/v2\/pages\/342","targetHints":{"allow":["GET"]}}],"collection":[{"href":"https:\/\/unchienalecole.fr\/wp-json_4GszfX74U3gy2T\/wp\/v2\/pages"}],"about":[{"href":"https:\/\/unchienalecole.fr\/wp-json_4GszfX74U3gy2T\/wp\/v2\/types\/page"}],"author":[{"embeddable":true,"href":"https:\/\/unchienalecole.fr\/wp-json_4GszfX74U3gy2T\/wp\/v2\/users\/3"}],"replies":[{"embeddable":true,"href":"https:\/\/unchienalecole.fr\/wp-json_4GszfX74U3gy2T\/wp\/v2\/comments?post=342"}],"version-history":[{"count":2,"href":"https:\/\/unchienalecole.fr\/wp-json_4GszfX74U3gy2T\/wp\/v2\/pages\/342\/revisions"}],"predecessor-version":[{"id":492,"href":"https:\/\/unchienalecole.fr\/wp-json_4GszfX74U3gy2T\/wp\/v2\/pages\/342\/revisions\/492"}],"wp:attachment":[{"href":"https:\/\/unchienalecole.fr\/wp-json_4GszfX74U3gy2T\/wp\/v2\/media?parent=342"}],"curies":[{"name":"wp","href":"https:\/\/api.w.org\/{rel}","templated":true}]}}